{"id":621,"date":"2025-04-21T17:35:05","date_gmt":"2025-04-21T17:35:05","guid":{"rendered":"https:\/\/hadeal.org\/events\/events-activity\/"},"modified":"2025-06-09T16:42:53","modified_gmt":"2025-06-09T16:42:53","slug":"evenements-activite","status":"publish","type":"page","link":"https:\/\/hadeal.org\/fr\/evenements\/evenements-activite\/","title":{"rendered":"\u00c9v\u00e9nements Activit\u00e9"},"content":{"rendered":"<div class=\"event-area pb-100 pt-0  evnt_activtty \">\n    <div class=\"container\">\n        <div class=\"row\">\n            <div class=\"col-lg-7 mx-auto\">\n                <div class=\"site-heading text-center\">\n                                            <span class=\"site-title-tagline\">\n                            <i class=\"far fa-house-chimney-heart\"><\/i> \n                            Events\/Activity                        <\/span>\n                                                                <h2 class=\"site-title site_title_2\">\n                            At The House St. Joachim And Ste. Anne, Daily Life Is Punctuated By Activities That Are Good For The Mind And Heart:                        <\/h2>\n                                    <\/div>\n            <\/div>\n        <\/div>\n        \n                    <div class=\"row\">\n                <div class=\"col-md-12\">\n                                            <div class=\"wrp_acti_signl\">\n                                                            <div class=\"wrp_acti_signl_til\">DAILY ACTIVITY<\/div>\n                            \n                                                            <img decoding=\"async\" src=\"https:\/\/hadeal.org\/wp-content\/uploads\/2025\/04\/dail_1.jpg\" class=\"wrp_acti_signl_img\" alt=\"\" srcset=\"https:\/\/hadeal.org\/wp-content\/uploads\/2025\/04\/dail_1.jpg 600w, https:\/\/hadeal.org\/wp-content\/uploads\/2025\/04\/dail_1-300x200.jpg 300w\" sizes=\"(max-width: 600px) 100vw, 600px\" \/>                            \n                                                            <div class=\"wrp_acti_signl_text\">DAILY ACTIVITY- Cooking and relaxation workshops: to awaken the taste buds.<br \/>\r\n&#8211; Scent recognition workshops: guess spices, flowers, essential oils.<br \/>\r\n&#8211; Memory games; quizzes, puzzles: to stimulate memory and motor skills.<br \/>\r\n&#8211; Music and Song: listen to melodies, sing together, and recognize period pieces.<br \/>\r\n&#8211; Visual arts workshops: express creativity.<br \/>\r\n&#8211; Therapeutic gardening: touch the earth, smell the plants<\/div>\n                                                    <\/div>\n                                                <div class=\"wrp_acti_signl\">\n                                                            <div class=\"wrp_acti_signl_til\">PHYSICAL FITNESS AND WELL-BEING<\/div>\n                            \n                                                            <img decoding=\"async\" src=\"https:\/\/hadeal.org\/wp-content\/uploads\/2025\/04\/dail_2.jpg\" class=\"wrp_acti_signl_img\" alt=\"\" srcset=\"https:\/\/hadeal.org\/wp-content\/uploads\/2025\/04\/dail_2.jpg 600w, https:\/\/hadeal.org\/wp-content\/uploads\/2025\/04\/dail_2-300x200.jpg 300w\" sizes=\"(max-width: 600px) 100vw, 600px\" \/>                            \n                                                            <div class=\"wrp_acti_signl_text\">&#8211; Adapted gymnastics: Simple movements to enhance mobility.<br \/>\r\n&#8211; Seated dance: move to music while sitting.<\/div>\n                                                    <\/div>\n                                                    <div class=\"clear\"><\/div>\n                                                <div class=\"wrp_acti_signl\">\n                                                            <div class=\"wrp_acti_signl_til\">SOCIAL AND CULTURAL ACTIVITIES<\/div>\n                            \n                                                            <img decoding=\"async\" src=\"https:\/\/hadeal.org\/wp-content\/uploads\/2025\/04\/dail_3.jpg\" class=\"wrp_acti_signl_img\" alt=\"\" srcset=\"https:\/\/hadeal.org\/wp-content\/uploads\/2025\/04\/dail_3.jpg 600w, https:\/\/hadeal.org\/wp-content\/uploads\/2025\/04\/dail_3-300x200.jpg 300w\" sizes=\"(max-width: 600px) 100vw, 600px\" \/>                            \n                                                            <div class=\"wrp_acti_signl_text\">&#8211; Reading and storytelling: stories to escape and unload memories<br \/>\r\n&#8211; Cine-dub: films and discussion<br \/>\r\n&#8211; Theater workshop: Drama therapy sessions where art and imagination help them express themselves, share their life experiences, and relive precious memories for stimulates emotions and builds self-confidence.Through theater, nature, and music, our seniors find a fun and meaningful way to connect, engage, and enjoy life to the fullest.<br \/>\r\n&#8211; Intergenerational meeting: with our young volunteers.<br \/>\r\n&#8211; Activities and excursions: visits and walks in nature.<\/div>\n                                                    <\/div>\n                                                <div class=\"wrp_acti_signl\">\n                                                            <div class=\"wrp_acti_signl_til\">FESTIVE EVENTS<\/div>\n                            \n                                                            <img decoding=\"async\" src=\"https:\/\/hadeal.org\/wp-content\/uploads\/2025\/04\/dail_4.jpg\" class=\"wrp_acti_signl_img\" alt=\"\" srcset=\"https:\/\/hadeal.org\/wp-content\/uploads\/2025\/04\/dail_4.jpg 600w, https:\/\/hadeal.org\/wp-content\/uploads\/2025\/04\/dail_4-300x200.jpg 300w\" sizes=\"(max-width: 600px) 100vw, 600px\" \/>                            \n                                                            <div class=\"wrp_acti_signl_text\">&#8211; Themed Party; Christmas Reception.<br \/>\r\n&#8211; Internal Flea Markets: Small market with items made by our residents.<\/div>\n                                                    <\/div>\n                                                    <div class=\"clear\"><\/div>\n                        \n                                            <div class=\"conls_li\">\n                            All these activities and so many others help stimulate the senses, maintain social interaction, and bring pleasure and conviviality adapted to everyday life, all tailored to the desires and abilities of our residents. Because every day is a new opportunity to share, celebrate, exchange, have fun, and simply enjoy life.                        <\/div>\n                                       \n                <\/div>\n            <\/div>\n        \n    <\/div>\n<\/div>\n<div class=\"clear\"><\/div>","protected":false},"excerpt":{"rendered":"","protected":false},"author":1,"featured_media":0,"parent":619,"menu_order":0,"comment_status":"closed","ping_status":"closed","template":"","meta":{"footnotes":""},"class_list":["post-621","page","type-page","status-publish","hentry"],"acf":[],"_links":{"self":[{"href":"https:\/\/hadeal.org\/fr\/wp-json\/wp\/v2\/pages\/621","targetHints":{"allow":["GET"]}}],"collection":[{"href":"https:\/\/hadeal.org\/fr\/wp-json\/wp\/v2\/pages"}],"about":[{"href":"https:\/\/hadeal.org\/fr\/wp-json\/wp\/v2\/types\/page"}],"author":[{"embeddable":true,"href":"https:\/\/hadeal.org\/fr\/wp-json\/wp\/v2\/users\/1"}],"replies":[{"embeddable":true,"href":"https:\/\/hadeal.org\/fr\/wp-json\/wp\/v2\/comments?post=621"}],"version-history":[{"count":2,"href":"https:\/\/hadeal.org\/fr\/wp-json\/wp\/v2\/pages\/621\/revisions"}],"predecessor-version":[{"id":736,"href":"https:\/\/hadeal.org\/fr\/wp-json\/wp\/v2\/pages\/621\/revisions\/736"}],"up":[{"embeddable":true,"href":"https:\/\/hadeal.org\/fr\/wp-json\/wp\/v2\/pages\/619"}],"wp:attachment":[{"href":"https:\/\/hadeal.org\/fr\/wp-json\/wp\/v2\/media?parent=621"}],"curies":[{"name":"wp","href":"https:\/\/api.w.org\/{rel}","templated":true}]}}